{"id":171,"date":"2022-04-19T19:50:53","date_gmt":"2022-04-19T19:50:53","guid":{"rendered":"https:\/\/fromista.com\/turismofromista\/?page_id=171"},"modified":"2023-11-11T09:16:59","modified_gmt":"2023-11-11T09:16:59","slug":"museos","status":"publish","type":"page","link":"https:\/\/fromistaturismo.com\/index.php\/museos\/","title":{"rendered":"Museos"},"content":{"rendered":"<h1>MUSEOS<\/h1>\n<h1>\n<h4><span><strong>VESTIGIA &#8211; LEYENDA DEL CAMINO<\/strong><\/span><\/h4>\n<\/h1>\n<div>\n<p class=\"justificado\">Vestigia, leyenda del Camino, es un montaje multimedia en tres dimensiones, recorriendo las historias, milagros y leyendas del Camino de Santiago. Entrar en este museo supone adentrarse en la historia y los or\u00edgenes de Fr\u00f3mista, a trav\u00e9s de im\u00e1genes, luz, sonido, estatuas parlantes, pantallas panor\u00e1micas, pudiendo disfrutar de 35 minutos de recorrido por la historia\u00a0en un marco \u00fanico como es la Iglesia de Santa Mar\u00eda del Castillo, declarada BIC desde 1944.<\/p>\n<p class=\"justificado\">Una visita ideal para todos los p\u00fablicos y muy interesante para grupos de asociaciones y centros educativos.<\/p>\n<p class=\"justificado\"><strong>M\u00e1s informaci\u00f3n en<span>\u00a0<\/span><a href=\"http:\/\/www.museovestigia.wordpress.com\" target=\"_blank\" rel=\"noopener\">www.museovestigia.wordpress.com<\/a><span>\u00a0<\/span>o en Tfno:\u00a0 672 14 69 94<\/strong><\/p>\n<p><span><strong>Horario de apertura<\/strong><\/span><\/p>\n<p>Semana Santa a 12 de Octubre:<\/p>\n<ul>\n<li>Lunes a S\u00e1bado: 11:30, 13:00, 16:30 y 17:30 horas.<\/li>\n<li>Domingos 11:30 y 13:00 horas.<\/li>\n<\/ul>\n<p>12 de Octubre a Semana Santa:<\/p>\n<ul>\n<li>Viernes y S\u00e1bado: 11:30, 13:00, 16:30 y 17:30 horas.<\/li>\n<li>Domingo 11:30 y 13:00 horas<\/li>\n<\/ul>\n<p>Reservas al tel\u00e9fono: <strong>672 14 69 94<\/strong><\/p>\n<\/div>\n<p><iframe src=\"https:\/\/vimeo.com\/4784232\"><\/iframe><\/p>\n<hr>\n<h1>\n<h3><strong>MUSEO DE ARTE SACRO<\/strong><\/h3>\n<\/h1>\n<div>\n<p><span>Se encuentra en el interior de la iglesia de San Pedro, gestionado por la parroquia. Muestra al visitante las magn\u00edficas 29 tablas hispano- flamencas del retablo de Santa M\u00aa del Castillo, y objetos de la Parroquia de San Pedro como puede ser la patena, protagonista del milagro de la villa de Fr\u00f3mista.<\/span><\/p>\n<\/div>\n<div>\n<p><span><strong>Horario de apertura<\/strong><\/span><\/p>\n<p>De Semana Santa hasta el d\u00eda 12 de octubre<br \/>\u00a0 \u00a0 \u00a010:00 a 13:30 h. y de 16:00 a 19:30 h.<\/p>\n<p>Resto contactar en el tel\u00e9fono 672 14 69 94.<\/p>\n<\/div>\n<ul>\n<li>\n<p>        <img decoding=\"async\" src=\"\/wp-content\/uploads\/2022\/04\/Resurreccin.png\" alt=\"\"><\/p>\n<h3>Resurreccin<\/h3>\n<\/li>\n<li>\n<p>        <img decoding=\"async\" src=\"\/wp-content\/uploads\/2022\/04\/Anunciacin.png\" alt=\"\"><\/p>\n<h3>Anunciacin<\/h3>\n<\/li>\n<li>\n<p>        <img decoding=\"async\" src=\"\/wp-content\/uploads\/2022\/04\/Expulsin_del_Paraiso.png\" alt=\"\"><\/p>\n<h3>Expulsin_del_Paraiso<\/h3>\n<\/li>\n<\/ul>\n<hr>\n<p><!--more--><br \/>\n<!-- {\"name\":\"plantilla monumentos\",\"type\":\"layout\",\"children\":[{\"type\":\"section\",\"props\":{\"style\":\"default\",\"width\":\"default\",\"vertical_align\":\"middle\",\"title_position\":\"top-left\",\"title_rotation\":\"left\",\"title_breakpoint\":\"xl\",\"image_position\":\"center-center\",\"image\":\"wp-content\\\/uploads\\\/2022\\\/04\\\/museos-fromista.jpg\",\"image_size\":\"cover\",\"image_effect\":\"parallax\",\"media_overlay\":\"rgba(138, 142, 255, 0.55)\",\"image_parallax_easing\":\"1\"},\"children\":[{\"type\":\"row\",\"children\":[{\"type\":\"column\",\"props\":{\"image_position\":\"center-center\",\"media_overlay_gradient\":\"\",\"position_sticky_breakpoint\":\"m\"},\"children\":[{\"type\":\"headline\",\"props\":{\"title_element\":\"h1\",\"content\":\"MUSEOS\"}}]}]}]},{\"type\":\"section\",\"props\":{\"style\":\"default\",\"width\":\"default\",\"vertical_align\":\"middle\",\"title_position\":\"top-left\",\"title_rotation\":\"left\",\"title_breakpoint\":\"xl\",\"image_position\":\"center-center\",\"image\":\"\",\"image_size\":\"width-1-1\",\"image_effect\":\"parallax\",\"media_overlay\":\"rgba(0, 0, 0, 0.58)\",\"image_parallax_easing\":\"1\"},\"children\":[{\"type\":\"row\",\"props\":{\"layout\":\"1-3,2-3\"},\"children\":[{\"type\":\"column\",\"props\":{\"image_position\":\"center-center\",\"media_overlay_gradient\":\"\",\"width_medium\":\"1-1\",\"vertical_align\":\"bottom\",\"position_sticky_breakpoint\":\"m\",\"image\":\"\",\"width_default\":\"large\",\"width_xlarge\":\"1-1\"},\"children\":[]},{\"type\":\"column\",\"props\":{\"image_position\":\"center-center\",\"media_overlay_gradient\":\"\",\"width_medium\":\"2-3\",\"position_sticky_breakpoint\":\"m\"},\"children\":[{\"type\":\"headline\",\"props\":{\"title_element\":\"h1\",\"content\":\"\n\n<h4><span><strong>VESTIGIA - LEYENDA DEL CAMINO<\\\/strong><\\\/span><\\\/h4>\"}},{\"type\":\"text\",\"props\":{\"margin\":\"default\",\"column_breakpoint\":\"m\",\"content\":\"\n\n<p class=\\\"justificado\\\">Vestigia, leyenda del Camino, es un montaje multimedia en tres dimensiones, recorriendo las historias, milagros y leyendas del Camino de Santiago. Entrar en este museo supone adentrarse en la historia y los or\\u00edgenes de Fr\\u00f3mista, a trav\\u00e9s de im\\u00e1genes, luz, sonido, estatuas parlantes, pantallas panor\\u00e1micas, pudiendo disfrutar de 35 minutos de recorrido por la historia\\u00a0en un marco \\u00fanico como es la Iglesia de Santa Mar\\u00eda del Castillo, declarada BIC desde 1944.<\\\/p>\\n\n\n<p class=\\\"justificado\\\">Una visita ideal para todos los p\\u00fablicos y muy interesante para grupos de asociaciones y centros educativos.<\\\/p>\\n\n\n<p class=\\\"justificado\\\"><strong>M\\u00e1s informaci\\u00f3n en<span>\\u00a0<\\\/span><a href=\\\"http:\\\/\\\/www.museovestigia.wordpress.com\\\" target=\\\"_blank\\\" rel=\\\"noopener\\\">www.museovestigia.wordpress.com<\\\/a><span>\\u00a0<\\\/span>o en Tfno:\\u00a0 672 14 69 94<\\\/strong><\\\/p>\\n\n\n<p><span><strong>Horario de apertura<\\\/strong><\\\/span><\\\/p>\\n\n\n<p>Semana Santa a 12 de Octubre:<\\\/p>\\n\n\n<ul>\\n\n\n<li>Lunes a S\\u00e1bado: 11:30, 13:00, 16:30 y 17:30 horas.<\\\/li>\\n\n\n<li>Domingos 11:30 y 13:00 horas.<\\\/li>\\n<\\\/ul>\\n\n\n<p>12 de Octubre a Semana Santa:<\\\/p>\\n\n\n<ul>\\n\n\n<li>Viernes y S\\u00e1bado: 11:30, 13:00, 16:30 y 17:30 horas.<\\\/li>\\n\n\n<li>Domingo 11:30 y 13:00 horas<\\\/li>\\n<\\\/ul>\\n\n\n<p>Reservas al tel\\u00e9fono: <strong>672 14 69 94<\\\/strong><\\\/p>\"}},{\"type\":\"video\",\"props\":{\"video_controls\":true,\"margin\":\"default\",\"video\":\"https:\\\/\\\/vimeo.com\\\/4784232\",\"video_width\":\"500\"}}]}]},{\"type\":\"row\",\"children\":[{\"type\":\"column\",\"props\":{\"image_position\":\"center-center\",\"media_overlay_gradient\":\"\",\"position_sticky_breakpoint\":\"m\"},\"children\":[{\"type\":\"divider\",\"props\":{\"divider_element\":\"hr\"}}]}]},{\"type\":\"row\",\"props\":{\"layout\":\"2-3,1-3\"},\"children\":[{\"type\":\"column\",\"props\":{\"image_position\":\"center-center\",\"media_overlay_gradient\":\"\",\"width_medium\":\"2-3\",\"vertical_align\":\"bottom\",\"position_sticky_breakpoint\":\"m\"},\"children\":[{\"type\":\"headline\",\"props\":{\"title_element\":\"h1\",\"content\":\"\n\n<h3><strong>MUSEO DE ARTE SACRO<\\\/strong><\\\/h3>\"}},{\"type\":\"text\",\"props\":{\"margin\":\"default\",\"column_breakpoint\":\"m\",\"content\":\"\n\n<p><span>Se encuentra en el interior de la iglesia de San Pedro, gestionado por la parroquia. Muestra al visitante las magn\\u00edficas 29 tablas hispano- flamencas del retablo de Santa M\\u00aa del Castillo, y objetos de la Parroquia de San Pedro como puede ser la patena, protagonista del milagro de la villa de Fr\\u00f3mista.<\\\/span><\\\/p>\"}},{\"type\":\"text\",\"props\":{\"margin\":\"default\",\"column_breakpoint\":\"m\",\"content\":\"\n\n<p><span><strong>Horario de apertura<\\\/strong><\\\/span><\\\/p>\\n\n\n<p>De Semana Santa hasta el d\\u00eda 12 de octubre<br \\\/>\\u00a0 \\u00a0 \\u00a010:00 a 13:30 h. y de 16:00 a 19:30 h.<\\\/p>\\n\n\n<p>Resto contactar en el tel\\u00e9fono 672 14 69 94.<\\\/p>\"}}]},{\"type\":\"column\",\"props\":{\"image_position\":\"center-center\",\"media_overlay_gradient\":\"\",\"width_medium\":\"1-3\",\"position_sticky_breakpoint\":\"m\"},\"children\":[{\"type\":\"slideshow\",\"props\":{\"show_title\":false,\"show_meta\":true,\"show_content\":true,\"show_link\":true,\"show_thumbnail\":true,\"slideshow_min_height\":300,\"slideshow_autoplay_pause\":true,\"nav\":\"dotnav\",\"nav_position\":\"center-right\",\"nav_position_margin\":\"medium\",\"nav_align\":\"center\",\"nav_breakpoint\":\"s\",\"thumbnav_width\":\"100\",\"thumbnav_height\":\"75\",\"thumbnav_svg_color\":\"emphasis\",\"slidenav\":\"default\",\"slidenav_margin\":\"medium\",\"slidenav_breakpoint\":\"s\",\"slidenav_outside_breakpoint\":\"xl\",\"overlay_position\":\"center-left\",\"overlay_animation\":\"parallax\",\"title_element\":\"h3\",\"meta_style\":\"text-meta\",\"meta_align\":\"below-title\",\"meta_element\":\"div\",\"link_text\":\"Read more\",\"link_style\":\"default\",\"margin\":\"default\",\"slideshow_animation\":\"fade\",\"slideshow_autoplay\":true,\"nav_vertical\":true,\"slideshow_kenburns\":\"alternate\"},\"children\":[{\"type\":\"slideshow_item\",\"props\":{\"title\":\"Resurreccin\",\"image\":\"wp-content\\\/uploads\\\/2022\\\/04\\\/Resurreccin.png\"}},{\"type\":\"slideshow_item\",\"props\":{\"title\":\"Anunciacin\",\"image\":\"wp-content\\\/uploads\\\/2022\\\/04\\\/Anunciacin.png\"}},{\"type\":\"slideshow_item\",\"props\":{\"title\":\"Expulsin_del_Paraiso\",\"image\":\"wp-content\\\/uploads\\\/2022\\\/04\\\/Expulsin_del_Paraiso.png\"}}]}]}]},{\"type\":\"row\",\"children\":[{\"type\":\"column\",\"props\":{\"image_position\":\"center-center\",\"media_overlay_gradient\":\"\",\"position_sticky_breakpoint\":\"m\"},\"children\":[{\"type\":\"divider\",\"props\":{\"divider_element\":\"hr\"}}]}]}]}],\"version\":\"3.0.9\"} --><\/p>\n","protected":false},"excerpt":{"rendered":"<p>MUSEOS VESTIGIA &#8211; LEYENDA DEL CAMINO Vestigia, leyenda del Camino, es un montaje multimedia en tres dimensiones, recorriendo las historias, milagros y leyendas del Camino de Santiago. Entrar en este museo supone adentrarse en la historia y los or\u00edgenes de Fr\u00f3mista, a trav\u00e9s de im\u00e1genes, luz, sonido, estatuas parlantes, pantallas panor\u00e1micas, pudiendo disfrutar de 35 [&hellip;]<\/p>\n","protected":false},"author":1,"featured_media":0,"parent":0,"menu_order":0,"comment_status":"closed","ping_status":"closed","template":"","meta":{"om_disable_all_campaigns":false,"_monsterinsights_skip_tracking":false,"_monsterinsights_sitenote_active":false,"_monsterinsights_sitenote_note":"","_monsterinsights_sitenote_category":0},"folder":[],"aioseo_notices":[],"_links":{"self":[{"href":"https:\/\/fromistaturismo.com\/index.php\/wp-json\/wp\/v2\/pages\/171"}],"collection":[{"href":"https:\/\/fromistaturismo.com\/index.php\/wp-json\/wp\/v2\/pages"}],"about":[{"href":"https:\/\/fromistaturismo.com\/index.php\/wp-json\/wp\/v2\/types\/page"}],"author":[{"embeddable":true,"href":"https:\/\/fromistaturismo.com\/index.php\/wp-json\/wp\/v2\/users\/1"}],"replies":[{"embeddable":true,"href":"https:\/\/fromistaturismo.com\/index.php\/wp-json\/wp\/v2\/comments?post=171"}],"version-history":[{"count":20,"href":"https:\/\/fromistaturismo.com\/index.php\/wp-json\/wp\/v2\/pages\/171\/revisions"}],"predecessor-version":[{"id":917,"href":"https:\/\/fromistaturismo.com\/index.php\/wp-json\/wp\/v2\/pages\/171\/revisions\/917"}],"wp:attachment":[{"href":"https:\/\/fromistaturismo.com\/index.php\/wp-json\/wp\/v2\/media?parent=171"}],"wp:term":[{"taxonomy":"folder","embeddable":true,"href":"https:\/\/fromistaturismo.com\/index.php\/wp-json\/wp\/v2\/folder?post=171"}],"curies":[{"name":"wp","href":"https:\/\/api.w.org\/{rel}","templated":true}]}}