{"id":212,"date":"2022-04-19T20:40:22","date_gmt":"2022-04-19T20:40:22","guid":{"rendered":"https:\/\/fromista.com\/turismofromista\/?page_id=212"},"modified":"2022-07-10T08:22:47","modified_gmt":"2022-07-10T08:22:47","slug":"visitas-virtuales","status":"publish","type":"page","link":"https:\/\/fromistaturismo.com\/index.php\/visitas-virtuales\/","title":{"rendered":"Visitas virtuales"},"content":{"rendered":"<h1>Visitas virtuales<\/h1>\n<h1>Iglesia de San Mart\u00edn<\/h1>\n<hr>\n<div>\n<p>    <iframe src=\"https:\/\/www.google.com\/maps\/embed?pb=!4v1654600207631!6m8!1m7!1sCAoSLEFGMVFpcE1pdGIyUHR2cklDZXRDaWY5MTNkUWxmVnZlczIyUFd0WFlpdWVM!2m2!1d42.266813144663!2d-4.4068057828711!3f310.52081534309826!4f12.787918792747575!5f0.7820865974627469\" width=\"75%\" height=\"300\" style=\"border:0;\" allowfullscreen=\"\" loading=\"lazy\" referrerpolicy=\"no-referrer-when-downgrade\"><\/iframe>\n<\/div>\n<div>\n<p>    <iframe src=\"https:\/\/www.google.com\/maps\/embed?pb=!4v1654600079663!6m8!1m7!1sCAoSLEFGMVFpcE1oQ01ZZ2dhZ1RnVEhUS1dwUEQwazM0R2k1TkI3LTVVcGdDT19h!2m2!1d42.266680837242!2d-4.4067249204548!3f352.62900687166075!4f-1.3002707570090166!5f0.7820865974627469\" width=\"75%\" height=\"300\" style=\"border:0;\" allowfullscreen=\"\" loading=\"lazy\" referrerpolicy=\"no-referrer-when-downgrade\"><\/iframe>\n<\/div>\n<div>\n<div class=\"sketchfab-embed-wrapper\"> <iframe title=\"San Mart\u00edn de Fr\u00f3mista (Palencia)\" frameborder=\"0\" allowfullscreen mozallowfullscreen=\"true\" webkitallowfullscreen=\"true\" allow=\"autoplay; fullscreen; xr-spatial-tracking\" xr-spatial-tracking execution-while-out-of-viewport execution-while-not-rendered web-share src=\"https:\/\/sketchfab.com\/models\/0ff92732c9af4c03a16e4763520259d2\/embed\"> <\/iframe> <\/p>\n<p style=\"font-size: 13px; font-weight: normal; margin: 5px; color: #4A4A4A;\"> <a href=\"https:\/\/sketchfab.com\/3d-models\/san-martin-de-fromista-palencia-0ff92732c9af4c03a16e4763520259d2?utm_medium=embed&#038;utm_campaign=share-popup&#038;utm_content=0ff92732c9af4c03a16e4763520259d2\" target=\"_blank\" style=\"font-weight: bold; color: #1CAAD9;\"> San Mart\u00edn de Fr\u00f3mista (Palencia) <\/a> by <a href=\"https:\/\/sketchfab.com\/iliedom?utm_medium=embed&#038;utm_campaign=share-popup&#038;utm_content=0ff92732c9af4c03a16e4763520259d2\" target=\"_blank\" style=\"font-weight: bold; color: #1CAAD9;\"> Zoilo <\/a> on <a href=\"https:\/\/sketchfab.com?utm_medium=embed&#038;utm_campaign=share-popup&#038;utm_content=0ff92732c9af4c03a16e4763520259d2\" target=\"_blank\" style=\"font-weight: bold; color: #1CAAD9;\">Sketchfab<\/a><\/p>\n<\/div>\n<\/div>\n<h1>Capiteles 3D San Mart\u00edn<\/h1>\n<hr>\n<div>\n<div class=\"sketchfab-embed-wrapper\"> <iframe title=\"Adoraci\u00f3n de los Magos - San Mart\u00edn de Fr\u00f3mista\" frameborder=\"0\" allowfullscreen mozallowfullscreen=\"true\" webkitallowfullscreen=\"true\" allow=\"autoplay; fullscreen; xr-spatial-tracking\" xr-spatial-tracking execution-while-out-of-viewport execution-while-not-rendered web-share src=\"https:\/\/sketchfab.com\/models\/258ba99b7cc24a728b60310194a38d91\/embed\"> <\/iframe> <\/p>\n<p style=\"font-size: 13px; font-weight: normal; margin: 5px; color: #4A4A4A;\"> <a href=\"https:\/\/sketchfab.com\/3d-models\/adoracion-de-los-magos-san-martin-de-fromista-258ba99b7cc24a728b60310194a38d91?utm_medium=embed&#038;utm_campaign=share-popup&#038;utm_content=258ba99b7cc24a728b60310194a38d91\" target=\"_blank\" style=\"font-weight: bold; color: #1CAAD9;\"> Adoraci\u00f3n de los Magos &#8211; San Mart\u00edn de Fr\u00f3mista <\/a> by <a href=\"https:\/\/sketchfab.com\/iliedom?utm_medium=embed&#038;utm_campaign=share-popup&#038;utm_content=258ba99b7cc24a728b60310194a38d91\" target=\"_blank\" style=\"font-weight: bold; color: #1CAAD9;\"> Zoilo <\/a> on <a href=\"https:\/\/sketchfab.com?utm_medium=embed&#038;utm_campaign=share-popup&#038;utm_content=258ba99b7cc24a728b60310194a38d91\" target=\"_blank\" style=\"font-weight: bold; color: #1CAAD9;\">Sketchfab<\/a><\/p>\n<\/div>\n<\/div>\n<div>\n<div class=\"sketchfab-embed-wrapper\"> <iframe title=\"Capitel - San Mart\u00edn de Fr\u00f3mista\" frameborder=\"0\" allowfullscreen mozallowfullscreen=\"true\" webkitallowfullscreen=\"true\" allow=\"autoplay; fullscreen; xr-spatial-tracking\" xr-spatial-tracking execution-while-out-of-viewport execution-while-not-rendered web-share src=\"https:\/\/sketchfab.com\/models\/8388db183f524a20af1a9bab26bbe7ff\/embed\"> <\/iframe> <\/p>\n<p style=\"font-size: 13px; font-weight: normal; margin: 5px; color: #4A4A4A;\"> <a href=\"https:\/\/sketchfab.com\/3d-models\/capitel-san-martin-de-fromista-8388db183f524a20af1a9bab26bbe7ff?utm_medium=embed&#038;utm_campaign=share-popup&#038;utm_content=8388db183f524a20af1a9bab26bbe7ff\" target=\"_blank\" style=\"font-weight: bold; color: #1CAAD9;\"> Capitel &#8211; San Mart\u00edn de Fr\u00f3mista <\/a> by <a href=\"https:\/\/sketchfab.com\/iliedom?utm_medium=embed&#038;utm_campaign=share-popup&#038;utm_content=8388db183f524a20af1a9bab26bbe7ff\" target=\"_blank\" style=\"font-weight: bold; color: #1CAAD9;\"> Zoilo <\/a> on <a href=\"https:\/\/sketchfab.com?utm_medium=embed&#038;utm_campaign=share-popup&#038;utm_content=8388db183f524a20af1a9bab26bbe7ff\" target=\"_blank\" style=\"font-weight: bold; color: #1CAAD9;\">Sketchfab<\/a><\/p>\n<\/div>\n<\/div>\n<h1>Oficina de Turismo &#8220;La Casa del Esclusero&#8221;<\/h1>\n<hr>\n<div>\n<p>    <iframe src=\"https:\/\/www.google.com\/maps\/embed?pb=!4v1657379347945!6m8!1m7!1sCAoSLEFGMVFpcFBtVWZZSkxrWjkzdkUwSTdtUVd2UEJuUHZ3M2RuSENoM0c0dUN4!2m2!1d42.263588238037!2d-4.3990138873927!3f77.48671467051847!4f-3.863462234935099!5f0.7820865974627469\" width=\"400\" height=\"300\" style=\"border:0;\" allowfullscreen=\"\" loading=\"lazy\" referrerpolicy=\"no-referrer-when-downgrade\"><\/iframe>\n<\/div>\n<h1>Iglesia de San Pedro<\/h1>\n<hr>\n<div>\n<p>    <iframe src=\"https:\/\/www.google.com\/maps\/embed?pb=!4v1654600120951!6m8!1m7!1sCAoSLEFGMVFpcE5oeTNDUkwzN2U2NnpwM3pHMkt1ZEFoUjluM3VuRF9TZjhKeE1S!2m2!1d42.2683503!2d-4.4052504!3f246.72852844685838!4f4.568353438165303!5f0.7820865974627469\" width=\"75%\" height=\"300\" style=\"border:0;\" allowfullscreen=\"\" loading=\"lazy\" referrerpolicy=\"no-referrer-when-downgrade\"><\/iframe>\n<\/div>\n<div>\n<p>    <iframe src=\"https:\/\/www.google.com\/maps\/embed?pb=!4v1654600252842!6m8!1m7!1sCAoSLEFGMVFpcE5wQ0VybU1CMEtmUUtPWG1xTkJBR0U2bmRNbnhrMnhNbzdHNV9y!2m2!1d42.268222027576!2d-4.4054203957564!3f242.35758097349114!4f-2.7175392610939326!5f0.7820865974627469\" width=\"75%\" height=\"300\" style=\"border:0;\" allowfullscreen=\"\" loading=\"lazy\" referrerpolicy=\"no-referrer-when-downgrade\"><\/iframe>\n<\/div>\n<p><!--more--><br \/>\n<!-- {\"name\":\"plantilla monumentos\",\"type\":\"layout\",\"children\":[{\"type\":\"section\",\"props\":{\"style\":\"default\",\"width\":\"default\",\"vertical_align\":\"middle\",\"title_position\":\"top-left\",\"title_rotation\":\"left\",\"title_breakpoint\":\"xl\",\"image_position\":\"center-center\",\"image\":\"wp-content\\\/uploads\\\/2022\\\/04\\\/informacion-monumentos-fromista.jpg\",\"image_size\":\"cover\",\"image_effect\":\"parallax\",\"media_overlay\":\"rgba(138, 142, 255, 0.55)\"},\"children\":[{\"type\":\"row\",\"children\":[{\"type\":\"column\",\"props\":{\"image_position\":\"center-center\",\"media_overlay_gradient\":\"\"},\"children\":[{\"type\":\"headline\",\"props\":{\"title_element\":\"h1\",\"content\":\"Visitas virtuales\"}}]}]}]},{\"type\":\"section\",\"props\":{\"style\":\"default\",\"width\":\"default\",\"vertical_align\":\"middle\",\"title_position\":\"top-left\",\"title_rotation\":\"left\",\"title_breakpoint\":\"xl\",\"image_position\":\"center-center\",\"animation\":\"scale-up\"},\"children\":[{\"type\":\"row\",\"children\":[{\"type\":\"column\",\"props\":{\"image_position\":\"center-center\",\"media_overlay_gradient\":\"\"},\"children\":[{\"type\":\"headline\",\"props\":{\"title_element\":\"h1\",\"content\":\"Iglesia de San Mart\\u00edn\"}},{\"type\":\"divider\",\"props\":{\"divider_element\":\"hr\"}}]}]},{\"type\":\"row\",\"children\":[{\"type\":\"column\",\"props\":{\"image_position\":\"center-center\",\"media_overlay_gradient\":\"\",\"width_medium\":\"1-3\",\"vertical_align\":\"middle\"},\"children\":[{\"type\":\"html\",\"props\":{\"content\":\"<iframe src=\\\"https:\\\/\\\/www.google.com\\\/maps\\\/embed?pb=!4v1654600207631!6m8!1m7!1sCAoSLEFGMVFpcE1pdGIyUHR2cklDZXRDaWY5MTNkUWxmVnZlczIyUFd0WFlpdWVM!2m2!1d42.266813144663!2d-4.4068057828711!3f310.52081534309826!4f12.787918792747575!5f0.7820865974627469\\\" width=\\\"75%\\\" height=\\\"300\\\" style=\\\"border:0;\\\" allowfullscreen=\\\"\\\" loading=\\\"lazy\\\" referrerpolicy=\\\"no-referrer-when-downgrade\\\"><\\\/iframe>\"}}]},{\"type\":\"column\",\"props\":{\"image_position\":\"center-center\",\"media_overlay_gradient\":\"\",\"width_medium\":\"1-3\"},\"children\":[{\"type\":\"html\",\"props\":{\"content\":\"<iframe src=\\\"https:\\\/\\\/www.google.com\\\/maps\\\/embed?pb=!4v1654600079663!6m8!1m7!1sCAoSLEFGMVFpcE1oQ01ZZ2dhZ1RnVEhUS1dwUEQwazM0R2k1TkI3LTVVcGdDT19h!2m2!1d42.266680837242!2d-4.4067249204548!3f352.62900687166075!4f-1.3002707570090166!5f0.7820865974627469\\\" width=\\\"75%\\\" height=\\\"300\\\" style=\\\"border:0;\\\" allowfullscreen=\\\"\\\" loading=\\\"lazy\\\" referrerpolicy=\\\"no-referrer-when-downgrade\\\"><\\\/iframe>\"}}]},{\"type\":\"column\",\"props\":{\"image_position\":\"center-center\",\"media_overlay_gradient\":\"\",\"width_medium\":\"1-3\"},\"children\":[{\"type\":\"html\",\"props\":{\"content\":\"\n\n<div class=\\\"sketchfab-embed-wrapper\\\"> <iframe title=\\\"San Mart\\u00edn de Fr\\u00f3mista (Palencia)\\\" frameborder=\\\"0\\\" allowfullscreen mozallowfullscreen=\\\"true\\\" webkitallowfullscreen=\\\"true\\\" allow=\\\"autoplay; fullscreen; xr-spatial-tracking\\\" xr-spatial-tracking execution-while-out-of-viewport execution-while-not-rendered web-share src=\\\"https:\\\/\\\/sketchfab.com\\\/models\\\/0ff92732c9af4c03a16e4763520259d2\\\/embed\\\"> <\\\/iframe> \n\n<p style=\\\"font-size: 13px; font-weight: normal; margin: 5px; color: #4A4A4A;\\\"> <a href=\\\"https:\\\/\\\/sketchfab.com\\\/3d-models\\\/san-martin-de-fromista-palencia-0ff92732c9af4c03a16e4763520259d2?utm_medium=embed&utm_campaign=share-popup&utm_content=0ff92732c9af4c03a16e4763520259d2\\\" target=\\\"_blank\\\" style=\\\"font-weight: bold; color: #1CAAD9;\\\"> San Mart\\u00edn de Fr\\u00f3mista (Palencia) <\\\/a> by <a href=\\\"https:\\\/\\\/sketchfab.com\\\/iliedom?utm_medium=embed&utm_campaign=share-popup&utm_content=0ff92732c9af4c03a16e4763520259d2\\\" target=\\\"_blank\\\" style=\\\"font-weight: bold; color: #1CAAD9;\\\"> Zoilo <\\\/a> on <a href=\\\"https:\\\/\\\/sketchfab.com?utm_medium=embed&utm_campaign=share-popup&utm_content=0ff92732c9af4c03a16e4763520259d2\\\" target=\\\"_blank\\\" style=\\\"font-weight: bold; color: #1CAAD9;\\\">Sketchfab<\\\/a><\\\/p><\\\/div>\"}}]}],\"props\":{\"width\":\"default\",\"layout\":\"1-3,1-3,1-3\"}},{\"type\":\"row\",\"children\":[{\"type\":\"column\",\"props\":{\"image_position\":\"center-center\",\"media_overlay_gradient\":\"\"},\"children\":[]}]},{\"type\":\"row\",\"children\":[{\"type\":\"column\",\"props\":{\"image_position\":\"center-center\",\"media_overlay_gradient\":\"\"},\"children\":[{\"type\":\"headline\",\"props\":{\"title_element\":\"h1\",\"content\":\"Capiteles 3D San Mart\\u00edn\"}},{\"type\":\"divider\",\"props\":{\"divider_element\":\"hr\"}}]}]},{\"type\":\"row\",\"children\":[{\"type\":\"column\",\"props\":{\"image_position\":\"center-center\",\"media_overlay_gradient\":\"\",\"width_medium\":\"1-2\"},\"children\":[{\"type\":\"html\",\"props\":{\"content\":\"\n\n<div class=\\\"sketchfab-embed-wrapper\\\"> <iframe title=\\\"Adoraci\\u00f3n de los Magos - San Mart\\u00edn de Fr\\u00f3mista\\\" frameborder=\\\"0\\\" allowfullscreen mozallowfullscreen=\\\"true\\\" webkitallowfullscreen=\\\"true\\\" allow=\\\"autoplay; fullscreen; xr-spatial-tracking\\\" xr-spatial-tracking execution-while-out-of-viewport execution-while-not-rendered web-share src=\\\"https:\\\/\\\/sketchfab.com\\\/models\\\/258ba99b7cc24a728b60310194a38d91\\\/embed\\\"> <\\\/iframe> \n\n<p style=\\\"font-size: 13px; font-weight: normal; margin: 5px; color: #4A4A4A;\\\"> <a href=\\\"https:\\\/\\\/sketchfab.com\\\/3d-models\\\/adoracion-de-los-magos-san-martin-de-fromista-258ba99b7cc24a728b60310194a38d91?utm_medium=embed&utm_campaign=share-popup&utm_content=258ba99b7cc24a728b60310194a38d91\\\" target=\\\"_blank\\\" style=\\\"font-weight: bold; color: #1CAAD9;\\\"> Adoraci\\u00f3n de los Magos - San Mart\\u00edn de Fr\\u00f3mista <\\\/a> by <a href=\\\"https:\\\/\\\/sketchfab.com\\\/iliedom?utm_medium=embed&utm_campaign=share-popup&utm_content=258ba99b7cc24a728b60310194a38d91\\\" target=\\\"_blank\\\" style=\\\"font-weight: bold; color: #1CAAD9;\\\"> Zoilo <\\\/a> on <a href=\\\"https:\\\/\\\/sketchfab.com?utm_medium=embed&utm_campaign=share-popup&utm_content=258ba99b7cc24a728b60310194a38d91\\\" target=\\\"_blank\\\" style=\\\"font-weight: bold; color: #1CAAD9;\\\">Sketchfab<\\\/a><\\\/p><\\\/div>\"}}]},{\"type\":\"column\",\"props\":{\"image_position\":\"center-center\",\"media_overlay_gradient\":\"\",\"width_medium\":\"1-2\"},\"children\":[{\"type\":\"html\",\"props\":{\"content\":\"\n\n<div class=\\\"sketchfab-embed-wrapper\\\"> <iframe title=\\\"Capitel - San Mart\\u00edn de Fr\\u00f3mista\\\" frameborder=\\\"0\\\" allowfullscreen mozallowfullscreen=\\\"true\\\" webkitallowfullscreen=\\\"true\\\" allow=\\\"autoplay; fullscreen; xr-spatial-tracking\\\" xr-spatial-tracking execution-while-out-of-viewport execution-while-not-rendered web-share src=\\\"https:\\\/\\\/sketchfab.com\\\/models\\\/8388db183f524a20af1a9bab26bbe7ff\\\/embed\\\"> <\\\/iframe> \n\n<p style=\\\"font-size: 13px; font-weight: normal; margin: 5px; color: #4A4A4A;\\\"> <a href=\\\"https:\\\/\\\/sketchfab.com\\\/3d-models\\\/capitel-san-martin-de-fromista-8388db183f524a20af1a9bab26bbe7ff?utm_medium=embed&utm_campaign=share-popup&utm_content=8388db183f524a20af1a9bab26bbe7ff\\\" target=\\\"_blank\\\" style=\\\"font-weight: bold; color: #1CAAD9;\\\"> Capitel - San Mart\\u00edn de Fr\\u00f3mista <\\\/a> by <a href=\\\"https:\\\/\\\/sketchfab.com\\\/iliedom?utm_medium=embed&utm_campaign=share-popup&utm_content=8388db183f524a20af1a9bab26bbe7ff\\\" target=\\\"_blank\\\" style=\\\"font-weight: bold; color: #1CAAD9;\\\"> Zoilo <\\\/a> on <a href=\\\"https:\\\/\\\/sketchfab.com?utm_medium=embed&utm_campaign=share-popup&utm_content=8388db183f524a20af1a9bab26bbe7ff\\\" target=\\\"_blank\\\" style=\\\"font-weight: bold; color: #1CAAD9;\\\">Sketchfab<\\\/a><\\\/p><\\\/div>\"}}]}],\"props\":{\"layout\":\"1-2,1-2\"}},{\"type\":\"row\",\"children\":[{\"type\":\"column\",\"props\":{\"image_position\":\"center-center\",\"media_overlay_gradient\":\"\"},\"children\":[]}]},{\"type\":\"row\",\"children\":[{\"type\":\"column\",\"props\":{\"image_position\":\"center-center\",\"media_overlay_gradient\":\"\"},\"children\":[{\"type\":\"headline\",\"props\":{\"title_element\":\"h1\",\"content\":\"Oficina de Turismo \\\"La Casa del Esclusero\\\"\"}},{\"type\":\"divider\",\"props\":{\"divider_element\":\"hr\"}}]}]},{\"type\":\"row\",\"children\":[{\"type\":\"column\",\"props\":{\"image_position\":\"center-center\",\"media_overlay_gradient\":\"\",\"width_medium\":\"\"},\"children\":[{\"type\":\"html\",\"props\":{\"content\":\"<iframe src=\\\"https:\\\/\\\/www.google.com\\\/maps\\\/embed?pb=!4v1657379347945!6m8!1m7!1sCAoSLEFGMVFpcFBtVWZZSkxrWjkzdkUwSTdtUVd2UEJuUHZ3M2RuSENoM0c0dUN4!2m2!1d42.263588238037!2d-4.3990138873927!3f77.48671467051847!4f-3.863462234935099!5f0.7820865974627469\\\" width=\\\"400\\\" height=\\\"300\\\" style=\\\"border:0;\\\" allowfullscreen=\\\"\\\" loading=\\\"lazy\\\" referrerpolicy=\\\"no-referrer-when-downgrade\\\"><\\\/iframe>\"}}]}]}]},{\"type\":\"section\",\"props\":{\"style\":\"default\",\"width\":\"default\",\"vertical_align\":\"middle\",\"title_position\":\"top-left\",\"title_rotation\":\"left\",\"title_breakpoint\":\"xl\",\"image_position\":\"center-center\",\"animation\":\"scale-up\"},\"children\":[{\"type\":\"row\",\"children\":[{\"type\":\"column\",\"props\":{\"image_position\":\"center-center\",\"media_overlay_gradient\":\"\"},\"children\":[{\"type\":\"headline\",\"props\":{\"title_element\":\"h1\",\"content\":\"Iglesia de San Pedro\"}},{\"type\":\"divider\",\"props\":{\"divider_element\":\"hr\"}}]}]},{\"type\":\"row\",\"children\":[{\"type\":\"column\",\"props\":{\"image_position\":\"center-center\",\"media_overlay_gradient\":\"\",\"width_medium\":\"1-2\",\"vertical_align\":\"middle\"},\"children\":[{\"type\":\"html\",\"props\":{\"content\":\"<iframe src=\\\"https:\\\/\\\/www.google.com\\\/maps\\\/embed?pb=!4v1654600120951!6m8!1m7!1sCAoSLEFGMVFpcE5oeTNDUkwzN2U2NnpwM3pHMkt1ZEFoUjluM3VuRF9TZjhKeE1S!2m2!1d42.2683503!2d-4.4052504!3f246.72852844685838!4f4.568353438165303!5f0.7820865974627469\\\" width=\\\"75%\\\" height=\\\"300\\\" style=\\\"border:0;\\\" allowfullscreen=\\\"\\\" loading=\\\"lazy\\\" referrerpolicy=\\\"no-referrer-when-downgrade\\\"><\\\/iframe>\"}}]},{\"type\":\"column\",\"props\":{\"image_position\":\"center-center\",\"media_overlay_gradient\":\"\",\"width_medium\":\"1-2\"},\"children\":[{\"type\":\"html\",\"props\":{\"content\":\"<iframe src=\\\"https:\\\/\\\/www.google.com\\\/maps\\\/embed?pb=!4v1654600252842!6m8!1m7!1sCAoSLEFGMVFpcE5wQ0VybU1CMEtmUUtPWG1xTkJBR0U2bmRNbnhrMnhNbzdHNV9y!2m2!1d42.268222027576!2d-4.4054203957564!3f242.35758097349114!4f-2.7175392610939326!5f0.7820865974627469\\\" width=\\\"75%\\\" height=\\\"300\\\" style=\\\"border:0;\\\" allowfullscreen=\\\"\\\" loading=\\\"lazy\\\" referrerpolicy=\\\"no-referrer-when-downgrade\\\"><\\\/iframe>\"}}]}],\"props\":{\"width\":\"default\",\"layout\":\"1-2,1-2\"}}]}],\"version\":\"2.6.2\"} --><\/p>\n","protected":false},"excerpt":{"rendered":"<p>Visitas virtuales Iglesia de San Mart\u00edn San Mart\u00edn de Fr\u00f3mista (Palencia) by Zoilo on Sketchfab Capiteles 3D San Mart\u00edn Adoraci\u00f3n de los Magos &#8211; San Mart\u00edn de Fr\u00f3mista by Zoilo on Sketchfab Capitel &#8211; San Mart\u00edn de Fr\u00f3mista by Zoilo on Sketchfab Oficina de Turismo &#8220;La Casa del Esclusero&#8221; Iglesia de San Pedro<\/p>\n","protected":false},"author":1,"featured_media":0,"parent":0,"menu_order":0,"comment_status":"closed","ping_status":"closed","template":"","meta":{"om_disable_all_campaigns":false,"_monsterinsights_skip_tracking":false,"_monsterinsights_sitenote_active":false,"_monsterinsights_sitenote_note":"","_monsterinsights_sitenote_category":0},"folder":[],"aioseo_notices":[],"_links":{"self":[{"href":"https:\/\/fromistaturismo.com\/index.php\/wp-json\/wp\/v2\/pages\/212"}],"collection":[{"href":"https:\/\/fromistaturismo.com\/index.php\/wp-json\/wp\/v2\/pages"}],"about":[{"href":"https:\/\/fromistaturismo.com\/index.php\/wp-json\/wp\/v2\/types\/page"}],"author":[{"embeddable":true,"href":"https:\/\/fromistaturismo.com\/index.php\/wp-json\/wp\/v2\/users\/1"}],"replies":[{"embeddable":true,"href":"https:\/\/fromistaturismo.com\/index.php\/wp-json\/wp\/v2\/comments?post=212"}],"version-history":[{"count":27,"href":"https:\/\/fromistaturismo.com\/index.php\/wp-json\/wp\/v2\/pages\/212\/revisions"}],"predecessor-version":[{"id":623,"href":"https:\/\/fromistaturismo.com\/index.php\/wp-json\/wp\/v2\/pages\/212\/revisions\/623"}],"wp:attachment":[{"href":"https:\/\/fromistaturismo.com\/index.php\/wp-json\/wp\/v2\/media?parent=212"}],"wp:term":[{"taxonomy":"folder","embeddable":true,"href":"https:\/\/fromistaturismo.com\/index.php\/wp-json\/wp\/v2\/folder?post=212"}],"curies":[{"name":"wp","href":"https:\/\/api.w.org\/{rel}","templated":true}]}}