{"id":216,"date":"2022-04-19T22:12:17","date_gmt":"2022-04-19T22:12:17","guid":{"rendered":"https:\/\/fromista.com\/turismofromista\/?page_id=216"},"modified":"2026-03-26T09:40:24","modified_gmt":"2026-03-26T09:40:24","slug":"visitas-guiadas","status":"publish","type":"page","link":"https:\/\/fromistaturismo.com\/index.php\/visitas-guiadas\/","title":{"rendered":"Visitas guiadas"},"content":{"rendered":"<h1>Visitas guiadas<\/h1>\n<p><img decoding=\"async\" src=\"\/wp-content\/uploads\/2024\/10\/2.png\" alt=\"\"><\/p>\n<h1><span>Descubre Fr\u00f3mista con nuestras Visitas Guiadas<\/span><\/h1>\n<div>\n<div class=\"xdj266r x11i5rnm xat24cr x1mh8g0r x1vvkbs x126k92a\">\n<div dir=\"auto\">Sum\u00e9rgete en la historia y el arte de Fr\u00f3mista con nuestras visitas guiadas. Explora los tesoros del rom\u00e1nico y mucho m\u00e1s en un recorrido inolvidable.<\/div>\n<\/div>\n<div class=\"x11i5rnm xat24cr x1mh8g0r x1vvkbs xtlvy1s x126k92a\">\n<div dir=\"auto\"><\/div>\n<div dir=\"auto\"><strong>Itinerario:<\/strong><\/div>\n<\/div>\n<div class=\"x11i5rnm xat24cr x1mh8g0r x1vvkbs xtlvy1s x126k92a\">\n<div dir=\"auto\"><span class=\"html-span xdj266r x11i5rnm xat24cr x1mh8g0r xexx8yu x4uap5 x18d9i69 xkhd6sd x1hl2dhg x16tdsg8 x1vvkbs\"><a class=\"html-a xdj266r x11i5rnm xat24cr x1mh8g0r xexx8yu x4uap5 x18d9i69 xkhd6sd x1hl2dhg x16tdsg8 x1vvkbs\" tabindex=\"-1\"><\/a><\/span><strong>Iglesia de San Mart\u00edn de Tours<\/strong>: Admira uno de los mejores ejemplos del arte rom\u00e1nico en Espa\u00f1a.<\/div>\n<div dir=\"auto\"><strong>Iglesia de San Pedro y Museo Parroquial:<\/strong> Descubre la riqueza hist\u00f3rica y art\u00edstica de Fr\u00f3mista.<\/div>\n<div dir=\"auto\"><strong>Iglesia Santa Mar\u00eda del Castillo:<\/strong> Vive la experiencia multimedia \u201cVestigia, Leyenda del Camino\u201d.<\/div>\n<div dir=\"auto\"><\/div>\n<div dir=\"auto\">Duraci\u00f3n: 1 hora y 30 minutos<\/div>\n<\/div>\n<div class=\"x11i5rnm xat24cr x1mh8g0r x1vvkbs xtlvy1s x126k92a\">\n<div dir=\"auto\">Precio: Desde 6 \u20ac por persona<\/div>\n<\/div>\n<div class=\"x11i5rnm xat24cr x1mh8g0r x1vvkbs xtlvy1s x126k92a\">\n<div dir=\"auto\">Horarios: Todos los d\u00edas, con reserva previa<\/div>\n<\/div>\n<div class=\"x11i5rnm xat24cr x1mh8g0r x1vvkbs xtlvy1s x126k92a\">\n<div dir=\"auto\">Reserva tu plaza:<\/div>\n<\/div>\n<div class=\"x11i5rnm xat24cr x1mh8g0r x1vvkbs xtlvy1s x126k92a\">\n<div dir=\"auto\">Tel\u00e9fono: 672 14 69 94<\/div>\n<div dir=\"auto\">Email: turismo@fromista.com<\/div>\n<\/div>\n<div class=\"x11i5rnm xat24cr x1mh8g0r x1vvkbs xtlvy1s x126k92a\">\n<div dir=\"auto\"><\/div>\n<div dir=\"auto\">\u00a1No te pierdas esta oportunidad \u00fanica de conocer Fr\u00f3mista en profundidad!<\/div>\n<\/div>\n<\/div>\n<p><!--more--><br \/>\n<!-- {\"name\":\"plantilla monumentos\",\"type\":\"layout\",\"children\":[{\"type\":\"section\",\"props\":{\"style\":\"default\",\"width\":\"default\",\"vertical_align\":\"middle\",\"title_position\":\"top-left\",\"title_rotation\":\"left\",\"title_breakpoint\":\"xl\",\"image_position\":\"center-center\",\"image\":\"wp-content\\\/uploads\\\/2022\\\/04\\\/informacion-monumentos-fromista.jpg\",\"image_size\":\"cover\",\"image_effect\":\"parallax\",\"media_overlay\":\"rgba(138, 142, 255, 0.55)\",\"image_parallax_easing\":\"1\"},\"children\":[{\"type\":\"row\",\"children\":[{\"type\":\"column\",\"props\":{\"image_position\":\"center-center\",\"media_overlay_gradient\":\"\",\"position_sticky_breakpoint\":\"m\"},\"children\":[{\"type\":\"headline\",\"props\":{\"title_element\":\"h1\",\"content\":\"Visitas guiadas\"}}]}]}]},{\"type\":\"section\",\"props\":{\"style\":\"default\",\"width\":\"default\",\"vertical_align\":\"middle\",\"title_position\":\"top-left\",\"title_rotation\":\"left\",\"title_breakpoint\":\"xl\",\"image_position\":\"center-center\",\"image\":\"\",\"image_size\":\"width-1-1\",\"image_effect\":\"parallax\",\"media_overlay\":\"rgba(0, 0, 0, 0.58)\",\"image_parallax_easing\":\"1\"},\"children\":[{\"type\":\"row\",\"props\":{\"layout\":\"1-3,2-3\"},\"children\":[{\"type\":\"column\",\"props\":{\"image_position\":\"center-center\",\"media_overlay_gradient\":\"\",\"width_medium\":\"1-3\",\"vertical_align\":\"bottom\",\"position_sticky_breakpoint\":\"m\"},\"children\":[{\"type\":\"image\",\"props\":{\"margin\":\"default\",\"image_svg_color\":\"emphasis\",\"image\":\"wp-content\\\/uploads\\\/2024\\\/10\\\/2.png\"}}]},{\"type\":\"column\",\"props\":{\"image_position\":\"center-center\",\"media_overlay_gradient\":\"\",\"width_medium\":\"2-3\",\"position_sticky_breakpoint\":\"m\"},\"children\":[{\"type\":\"headline\",\"props\":{\"title_element\":\"h1\",\"content\":\"<span>Descubre Fr\\u00f3mista con nuestras Visitas Guiadas<\\\/span>\"}},{\"type\":\"text\",\"props\":{\"margin\":\"default\",\"column_breakpoint\":\"m\",\"content\":\"\n\n<div class=\\\"xdj266r x11i5rnm xat24cr x1mh8g0r x1vvkbs x126k92a\\\">\\n\n\n<div dir=\\\"auto\\\">Sum\\u00e9rgete en la historia y el arte de Fr\\u00f3mista con nuestras visitas guiadas. Explora los tesoros del rom\\u00e1nico y mucho m\\u00e1s en un recorrido inolvidable.<\\\/div>\\n<\\\/div>\\n\n\n<div class=\\\"x11i5rnm xat24cr x1mh8g0r x1vvkbs xtlvy1s x126k92a\\\">\\n\n\n<div dir=\\\"auto\\\"><\\\/div>\\n\n\n<div dir=\\\"auto\\\"><strong>Itinerario:<\\\/strong><\\\/div>\\n<\\\/div>\\n\n\n<div class=\\\"x11i5rnm xat24cr x1mh8g0r x1vvkbs xtlvy1s x126k92a\\\">\\n\n\n<div dir=\\\"auto\\\"><span class=\\\"html-span xdj266r x11i5rnm xat24cr x1mh8g0r xexx8yu x4uap5 x18d9i69 xkhd6sd x1hl2dhg x16tdsg8 x1vvkbs\\\"><a class=\\\"html-a xdj266r x11i5rnm xat24cr x1mh8g0r xexx8yu x4uap5 x18d9i69 xkhd6sd x1hl2dhg x16tdsg8 x1vvkbs\\\" tabindex=\\\"-1\\\"><\\\/a><\\\/span><strong>Iglesia de San Mart\\u00edn de Tours<\\\/strong>: Admira uno de los mejores ejemplos del arte rom\\u00e1nico en Espa\\u00f1a.<\\\/div>\\n\n\n<div dir=\\\"auto\\\"><strong>Iglesia de San Pedro y Museo Parroquial:<\\\/strong> Descubre la riqueza hist\\u00f3rica y art\\u00edstica de Fr\\u00f3mista.<\\\/div>\\n\n\n<div dir=\\\"auto\\\"><strong>Iglesia Santa Mar\\u00eda del Castillo:<\\\/strong> Vive la experiencia multimedia \\u201cVestigia, Leyenda del Camino\\u201d.<\\\/div>\\n\n\n<div dir=\\\"auto\\\"><\\\/div>\\n\n\n<div dir=\\\"auto\\\">Duraci\\u00f3n: 1 hora y 30 minutos<\\\/div>\\n<\\\/div>\\n\n\n<div class=\\\"x11i5rnm xat24cr x1mh8g0r x1vvkbs xtlvy1s x126k92a\\\">\\n\n\n<div dir=\\\"auto\\\">Precio: Desde 6 \\u20ac por persona<\\\/div>\\n<\\\/div>\\n\n\n<div class=\\\"x11i5rnm xat24cr x1mh8g0r x1vvkbs xtlvy1s x126k92a\\\">\\n\n\n<div dir=\\\"auto\\\">Horarios: Todos los d\\u00edas, con reserva previa<\\\/div>\\n<\\\/div>\\n\n\n<div class=\\\"x11i5rnm xat24cr x1mh8g0r x1vvkbs xtlvy1s x126k92a\\\">\\n\n\n<div dir=\\\"auto\\\">Reserva tu plaza:<\\\/div>\\n<\\\/div>\\n\n\n<div class=\\\"x11i5rnm xat24cr x1mh8g0r x1vvkbs xtlvy1s x126k92a\\\">\\n\n\n<div dir=\\\"auto\\\">Tel\\u00e9fono: 672 14 69 94<\\\/div>\\n\n\n<div dir=\\\"auto\\\">Email: turismo@fromista.com<\\\/div>\\n<\\\/div>\\n\n\n<div class=\\\"x11i5rnm xat24cr x1mh8g0r x1vvkbs xtlvy1s x126k92a\\\">\\n\n\n<div dir=\\\"auto\\\"><\\\/div>\\n\n\n<div dir=\\\"auto\\\">\\u00a1No te pierdas esta oportunidad \\u00fanica de conocer Fr\\u00f3mista en profundidad!<\\\/div>\\n<\\\/div>\\n\n\n<p><\\\/p>\"}}]}]}]}],\"version\":\"3.0.9\"} --><\/p>\n","protected":false},"excerpt":{"rendered":"<p>Visitas guiadas Descubre Fr\u00f3mista con nuestras Visitas Guiadas Sum\u00e9rgete en la historia y el arte de Fr\u00f3mista con nuestras visitas guiadas. Explora los tesoros del rom\u00e1nico y mucho m\u00e1s en un recorrido inolvidable. Itinerario: Iglesia de San Mart\u00edn de Tours: Admira uno de los mejores ejemplos del arte rom\u00e1nico en Espa\u00f1a. Iglesia de San Pedro [&hellip;]<\/p>\n","protected":false},"author":1,"featured_media":0,"parent":0,"menu_order":0,"comment_status":"closed","ping_status":"closed","template":"","meta":{"om_disable_all_campaigns":false,"_monsterinsights_skip_tracking":false,"_monsterinsights_sitenote_active":false,"_monsterinsights_sitenote_note":"","_monsterinsights_sitenote_category":0},"folder":[],"aioseo_notices":[],"_links":{"self":[{"href":"https:\/\/fromistaturismo.com\/index.php\/wp-json\/wp\/v2\/pages\/216"}],"collection":[{"href":"https:\/\/fromistaturismo.com\/index.php\/wp-json\/wp\/v2\/pages"}],"about":[{"href":"https:\/\/fromistaturismo.com\/index.php\/wp-json\/wp\/v2\/types\/page"}],"author":[{"embeddable":true,"href":"https:\/\/fromistaturismo.com\/index.php\/wp-json\/wp\/v2\/users\/1"}],"replies":[{"embeddable":true,"href":"https:\/\/fromistaturismo.com\/index.php\/wp-json\/wp\/v2\/comments?post=216"}],"version-history":[{"count":7,"href":"https:\/\/fromistaturismo.com\/index.php\/wp-json\/wp\/v2\/pages\/216\/revisions"}],"predecessor-version":[{"id":1143,"href":"https:\/\/fromistaturismo.com\/index.php\/wp-json\/wp\/v2\/pages\/216\/revisions\/1143"}],"wp:attachment":[{"href":"https:\/\/fromistaturismo.com\/index.php\/wp-json\/wp\/v2\/media?parent=216"}],"wp:term":[{"taxonomy":"folder","embeddable":true,"href":"https:\/\/fromistaturismo.com\/index.php\/wp-json\/wp\/v2\/folder?post=216"}],"curies":[{"name":"wp","href":"https:\/\/api.w.org\/{rel}","templated":true}]}}