{"id":235,"date":"2022-06-07T11:29:23","date_gmt":"2022-06-07T11:29:23","guid":{"rendered":"https:\/\/fromista.com\/turismofromista\/?page_id=235"},"modified":"2023-09-15T15:12:18","modified_gmt":"2023-09-15T15:12:18","slug":"fiestas-y-tradiciones","status":"publish","type":"page","link":"https:\/\/fromistaturismo.com\/index.php\/fiestas-y-tradiciones\/","title":{"rendered":"Fiestas y Tradiciones"},"content":{"rendered":"<h1>Fiestas y tradiciones<\/h1>\n<ul>\n<li>\n<p>        <img decoding=\"async\" src=\"\/wp-content\/uploads\/2022\/06\/IMG_8345-Copy-_sb.jpg\" alt=\"\"><\/p>\n<h3>San Telmo<\/h3>\n<\/li>\n<li>\n<p>        <img decoding=\"async\" src=\"\/wp-content\/uploads\/2022\/06\/IMG_8323-Copy-_sb.jpg\" alt=\"\"><\/p>\n<h3>San Telmo<\/h3>\n<\/li>\n<li>\n<p>        <img decoding=\"async\" src=\"\/wp-content\/uploads\/2022\/06\/IMG_8290-Copy-_sb.jpg\" alt=\"\"><\/p>\n<h3>San Telmo<\/h3>\n<\/li>\n<li>\n<p>        <img decoding=\"async\" src=\"\/wp-content\/uploads\/2022\/06\/IMG_8280-Copy-_sb.jpg\" alt=\"\"><\/p>\n<h3>San Telmo<\/h3>\n<\/li>\n<li>\n<p>        <img decoding=\"async\" src=\"\/wp-content\/uploads\/2022\/06\/IMG_8244-Copy-_sb.jpg\" alt=\"\"><\/p>\n<h3>San Telmo<\/h3>\n<\/li>\n<li>\n<p>        <img decoding=\"async\" src=\"\/wp-content\/uploads\/2022\/06\/IMG_8123-Copy-_sb.jpg\" alt=\"\"><\/p>\n<h3>San Telmo<\/h3>\n<\/li>\n<li>\n<p>        <img decoding=\"async\" src=\"\/wp-content\/uploads\/2022\/06\/IMG_8009-Copy-_sb.jpg\" alt=\"\"><\/p>\n<h3>San Telmo<\/h3>\n<\/li>\n<li>\n<p>        <img decoding=\"async\" src=\"\/wp-content\/uploads\/2022\/06\/IMG_7875-Copy-_sb.jpg\" alt=\"\"><\/p>\n<h3>San Telmo<\/h3>\n<\/li>\n<li>\n<p>        <img decoding=\"async\" src=\"\/wp-content\/uploads\/2022\/06\/LKDS0568_sb.jpg\" alt=\"\"><\/p>\n<h3>San Telmo<\/h3>\n<\/li>\n<\/ul>\n<h1>\n<h3><span><strong>SAN TELMO<\/strong><\/span><\/h3>\n<\/h1>\n<div>\n<p class=\"negrita\">Es una fiesta de fecha m\u00f3vil, ya que coincide en ocasiones con la Semana Santa. Se celebra<span>\u00a0<\/span><strong>el lunes siguiente al de Pascua,<\/strong><span>\u00a0<\/span>de\u00a0gran tradici\u00f3n popular, el acto central es la procesi\u00f3n de &#8220;el Ole&#8221; que tiene lugar el domingo por la noche.<\/p>\n<p>La procesi\u00f3n c\u00edvica del &#8220;Ole&#8221; da comienzo a las diez en punto de la noche en el p\u00f3rtico de la Iglesia de San Pedro, presidida por el mayordomo de la cofrad\u00eda, que lleva el V\u00edtor (cruz en la que aparece representado San Telmo), del cual cuelgan dos cintas rojas, portadas por los diputados, adem\u00e1s es acompa\u00f1ada por la corporaci\u00f3n municipal. Los participantes bailan con palos, porras y escobas, cantan todo tipo de canciones populares, core\u00e1ndose la danza con gritos de: \u00a1Viva San Telmo, viva San Telmo&#8230; ! \u00a1Esto no es Ole, esto no es Ole&#8230;! \u00a1Esto no es Ole y el Ole no se quita porque lo ha puesto la &#8220;T\u00eda Majita&#8221;. Cada cierto tiempo, cesa el baile y los danzantes se sientan en el suelo haciendo un corro, suenan entonces antiguas canciones a la vez que se golpea en el suelo con los palos y las porras. Tras estos cantos, se reanuda el baile con rapidez.\u00a0La procesi\u00f3n transcurre por las calles del pueblo hasta la casa donde dice la tradici\u00f3n que naci\u00f3 San Telmo. All\u00ed se lee un serm\u00f3n sat\u00edrico burlesco, escrito en su mayor parte en copla o cuarteta asonantada, que hace una cr\u00edtica de personajes y hechos acontecidos en el a\u00f1o.\u00a0Despu\u00e9s del serm\u00f3n se repite el baile y se vuelve hasta la iglesia de San Pedro, donde comenz\u00f3, una vez all\u00ed la procesi\u00f3n termina tras 5 o 6 horas con un estruendoso viva a San Telmo.<\/p>\n<p><span>&#8220;El lunes de San Telmo&#8221;, d\u00eda del patrono, se celebra la procesi\u00f3n religiosa en honor al santo, comenzando a las doce de la ma\u00f1ana, desde la parroquia de San Pedro, sacando la imagen del patrono acompa\u00f1ada por el Mayordomo, el Abad de la cofradia, el cual porta la Santa Reliquia bajo palio, alegrando la procesi\u00f3n los danzantes acompa\u00f1ados de los chiborras, dulzainero y caja, con sus pasacalles y lazos, por \u00faltimo las autoridades y\u00a0 la banda de m\u00fasica cerrando la marcha.\u00a0Tras la procesi\u00f3n se oficia la Santa Misa, oficiada por un predicador dominico, por ser esta la orden a la que perteneci\u00f3 Pedro Gonz\u00e1lez Telmo, que as\u00ed se llamaba el santo.<\/span><\/p>\n<\/div>\n<hr>\n<h1>\n<h3><span><strong>SAN TELMILLO<\/strong><\/span><\/h3>\n<\/h1>\n<div>\n<p><span>Tambi\u00e9n es peculiar la celebraci\u00f3n de San Telmillo,\u00a0<\/span><strong>el domingo siguiente a San Telmo<\/strong><span>, aunque es una fiesta menor.<\/span><\/p>\n<\/div>\n<div>\n<h3>san_pedro<\/h3>\n<\/div>\n<hr>\n<ul>\n<li>\n<p>        <img decoding=\"async\" src=\"\/wp-content\/uploads\/2022\/06\/D583ED44-E6F4-C59C-D0DD515CB46124C7.jpg\" alt=\"\"><\/p>\n<h3>Virgen del Otero<\/h3>\n<\/li>\n<li>\n<p>        <img decoding=\"async\" src=\"\/wp-content\/uploads\/2022\/06\/FRoMISTA-PATRONA-VIRGEN-DEL-OTERO.jpg\" alt=\"\"><\/p>\n<h3>FRoMISTA-PATRONA-VIRGEN-DEL-OTERO<\/h3>\n<\/li>\n<li>\n<p>        <img decoding=\"async\" src=\"\/wp-content\/uploads\/2022\/06\/6AEA1403-BC39-B48F-A3203F1181A82493.jpg\" alt=\"\"><\/p>\n<h3>Virgen del Otero<\/h3>\n<\/li>\n<\/ul>\n<h1>\n<h3><strong><span>LA VIRGEN DEL OTERO<\/span><\/strong><\/h3>\n<\/h1>\n<div>\n<p><span>Patrona de Fr\u00f3mista. Se celebra el\u00a0<\/span><strong>8 de septiembre<\/strong><span>, nueve d\u00edas antes se baja a la virgen hasta la iglesia de San\u00a0 Pedro, donde se lleva a cabo la novena, el d\u00eda de su festividad se realiza una misa en su honor, por la tarde se la traslada en procesi\u00f3n hasta la ermita, el recorrido es amenizado por los danzantes de la villa y los dulzaineros, la fiesta continua hasta el d\u00eda siguiente con las tradicionales Merendillas acompa\u00f1adas de la charanga.\u00a0<\/span><\/p>\n<\/div>\n<hr>\n<h1>\n<h3><span><strong>OTRAS FIESTAS LOCALES<\/strong><\/span><\/h3>\n<\/h1>\n<div>\n<h5><span><strong>SANTA \u00c1GUEDA<\/strong><\/span><\/h5>\n<p>Se celebra el<span>\u00a0<\/span><strong>5 de Febrero<\/strong>, cumpliendo el Voto de Villa (promesa adquirida por el ayuntamiento por librarse el pueblo de una peste).\u00a0La celebraci\u00f3n se limita al ayuntamiento, corporaci\u00f3n y personal, adem\u00e1s de las autoridades invitadas a una Misa y posterior comida fraternal. En la actualidad la Asociaci\u00f3n de Mujeres &#8220;La Aljama&#8221; tambien organiza una comida para conmerorar este d\u00eda y honrar a la Santa.<\/p>\n<h5 class=\"negrita\"><strong><span>SAN ISIDRO LABRADOR<\/span><\/strong><\/h5>\n<p>Se celebra el<span>\u00a0<\/span><strong>15 de Mayo<\/strong>. Es una festividad organizada por la C\u00e1mara agraria. En la antig\u00fcedad se organizaba un concurso de carrozas, se celebraba la eucaristia al aire libre, as\u00ed como un refresco y una comida de hermandad con los agricultores de la localidad. Actualmente s\u00f3lo se realiza la eucaristia en la\u00a0 parroquia de San Pedro y la comida de hermandad.<\/p>\n<h5 class=\"negrita\"><span><strong>SANTIAGO AP\u00d3STOL<\/strong><\/span><\/h5>\n<p>La exposici\u00f3n con m\u00e1s notoriedad de nuestro municipio es la Feria del Queso y productos Agroalimentarios que se celebra en la villa el domingo m\u00e1s cercano al 25 de Julio, festividad de Santiago. Tiene su arraigo en el mercado de animales que se celebraba en torno a esa festividad y que ha ido derivando hasta la actual Feria del Queso. A esta acuden fabricantes de toda Espa\u00f1a para exponer sus productos y es una de las fechas m\u00e1s relevantes en el calendario ferial de la provincia de Palencia.<\/p>\n<h5><span><strong>JORNADAS ASTRON\u00d3MICAS<\/strong><\/span><\/h5>\n<p>En el programa de celebraciones anulaes tambi\u00e9n aparece las jornadas astron\u00f3micas, las cuales se celebran el fin de semana antes de la Feria del Queso durante el mes de julio.<\/p>\n<h5><span><strong>SAN MART\u00cdN<\/strong><\/span><\/h5>\n<p>Se celebra el 11 de noviembre, este d\u00eda se conmemora con una misa en la iglesia de San\u00a0 Mart\u00edn en\u00a0 honor al santo.<\/p>\n<h5 class=\"negrita\"><span><strong>LOS\u00a0 QUINTOS<\/strong><\/span><\/h5>\n<p>La organizan los chicos y chicas que ese a\u00f1o cumplen la mayor\u00eda de edad, antiguamente lo celebraban los mozos que entraban en quintas y se iban a cumplir el servicio militar, se celebra en el mes de marzo o abril coincidiendo con el fin de semana, la fiesta comienza el viernes, los quintos han de ir a buscar a las chicas a sus casas, acompa\u00f1ados de la charanga, por las noches se organizan\u00a0 bailes\u00a0 para todos los vecinos del\u00a0 pueblo.<\/p>\n<\/div>\n<div>\n<h3>san_pedro<\/h3>\n<\/div>\n<p><!--more--><br \/>\n<!-- {\"name\":\"plantilla monumentos\",\"type\":\"layout\",\"children\":[{\"type\":\"section\",\"props\":{\"style\":\"default\",\"width\":\"default\",\"vertical_align\":\"middle\",\"title_position\":\"top-left\",\"title_rotation\":\"left\",\"title_breakpoint\":\"xl\",\"image_position\":\"center-center\",\"image\":\"wp-content\\\/uploads\\\/2022\\\/06\\\/tradiciones-fromista-el-ole.png\",\"image_size\":\"cover\",\"image_effect\":\"parallax\",\"media_overlay\":\"rgba(138, 142, 255, 0.55)\",\"image_parallax_easing\":\"1\"},\"children\":[{\"type\":\"row\",\"children\":[{\"type\":\"column\",\"props\":{\"image_position\":\"center-center\",\"media_overlay_gradient\":\"\",\"position_sticky_breakpoint\":\"m\"},\"children\":[{\"type\":\"headline\",\"props\":{\"title_element\":\"h1\",\"content\":\"Fiestas y tradiciones\"}}]}]}]},{\"type\":\"section\",\"props\":{\"style\":\"default\",\"width\":\"default\",\"vertical_align\":\"middle\",\"title_position\":\"top-left\",\"title_rotation\":\"left\",\"title_breakpoint\":\"xl\",\"image_position\":\"center-center\",\"image\":\"\",\"image_size\":\"width-1-1\",\"image_effect\":\"parallax\",\"media_overlay\":\"rgba(0, 0, 0, 0.58)\",\"image_parallax_easing\":\"1\"},\"children\":[{\"type\":\"row\",\"props\":{\"layout\":\"1-3,2-3\"},\"children\":[{\"type\":\"column\",\"props\":{\"image_position\":\"center-center\",\"media_overlay_gradient\":\"\",\"width_medium\":\"1-3\",\"vertical_align\":\"middle\",\"position_sticky_breakpoint\":\"m\"},\"children\":[{\"type\":\"slideshow\",\"props\":{\"show_title\":false,\"show_meta\":true,\"show_content\":true,\"show_link\":true,\"show_thumbnail\":true,\"slideshow_min_height\":300,\"slideshow_autoplay_pause\":true,\"nav\":\"dotnav\",\"nav_position\":\"center-right\",\"nav_position_margin\":\"medium\",\"nav_align\":\"center\",\"nav_breakpoint\":\"s\",\"thumbnav_width\":\"100\",\"thumbnav_height\":\"75\",\"thumbnav_svg_color\":\"emphasis\",\"slidenav\":\"default\",\"slidenav_margin\":\"medium\",\"slidenav_breakpoint\":\"s\",\"slidenav_outside_breakpoint\":\"xl\",\"overlay_position\":\"center-left\",\"overlay_animation\":\"parallax\",\"title_element\":\"h3\",\"meta_style\":\"text-meta\",\"meta_align\":\"below-title\",\"meta_element\":\"div\",\"link_text\":\"Read more\",\"link_style\":\"default\",\"margin\":\"default\",\"slideshow_animation\":\"fade\",\"slideshow_autoplay\":true,\"nav_vertical\":true,\"slideshow_kenburns\":\"alternate\"},\"children\":[{\"type\":\"slideshow_item\",\"props\":{\"title\":\"San Telmo\",\"image\":\"wp-content\\\/uploads\\\/2022\\\/06\\\/IMG_8345-Copy-_sb.jpg\"}},{\"type\":\"slideshow_item\",\"props\":{\"title\":\"San Telmo\",\"image\":\"wp-content\\\/uploads\\\/2022\\\/06\\\/IMG_8323-Copy-_sb.jpg\"}},{\"type\":\"slideshow_item\",\"props\":{\"title\":\"San Telmo\",\"image\":\"wp-content\\\/uploads\\\/2022\\\/06\\\/IMG_8290-Copy-_sb.jpg\"}},{\"type\":\"slideshow_item\",\"props\":{\"title\":\"San Telmo\",\"image\":\"wp-content\\\/uploads\\\/2022\\\/06\\\/IMG_8280-Copy-_sb.jpg\"}},{\"type\":\"slideshow_item\",\"props\":{\"title\":\"San Telmo\",\"image\":\"wp-content\\\/uploads\\\/2022\\\/06\\\/IMG_8244-Copy-_sb.jpg\"}},{\"type\":\"slideshow_item\",\"props\":{\"title\":\"San Telmo\",\"image\":\"wp-content\\\/uploads\\\/2022\\\/06\\\/IMG_8123-Copy-_sb.jpg\"}},{\"type\":\"slideshow_item\",\"props\":{\"title\":\"San Telmo\",\"image\":\"wp-content\\\/uploads\\\/2022\\\/06\\\/IMG_8009-Copy-_sb.jpg\"}},{\"type\":\"slideshow_item\",\"props\":{\"title\":\"San Telmo\",\"image\":\"wp-content\\\/uploads\\\/2022\\\/06\\\/IMG_7875-Copy-_sb.jpg\"}},{\"type\":\"slideshow_item\",\"props\":{\"title\":\"San Telmo\",\"image\":\"wp-content\\\/uploads\\\/2022\\\/06\\\/LKDS0568_sb.jpg\"}}]}]},{\"type\":\"column\",\"props\":{\"image_position\":\"center-center\",\"media_overlay_gradient\":\"\",\"width_medium\":\"2-3\",\"position_sticky_breakpoint\":\"m\"},\"children\":[{\"type\":\"headline\",\"props\":{\"title_element\":\"h1\",\"content\":\"\n\n<h3><span><strong>SAN TELMO<\\\/strong><\\\/span><\\\/h3>\"}},{\"type\":\"text\",\"props\":{\"margin\":\"default\",\"column_breakpoint\":\"m\",\"content\":\"\n\n<p class=\\\"negrita\\\">Es una fiesta de fecha m\\u00f3vil, ya que coincide en ocasiones con la Semana Santa. Se celebra<span>\\u00a0<\\\/span><strong>el lunes siguiente al de Pascua,<\\\/strong><span>\\u00a0<\\\/span>de\\u00a0gran tradici\\u00f3n popular, el acto central es la procesi\\u00f3n de \\\"el Ole\\\" que tiene lugar el domingo por la noche.<\\\/p>\\n\n\n<p>La procesi\\u00f3n c\\u00edvica del \\\"Ole\\\" da comienzo a las diez en punto de la noche en el p\\u00f3rtico de la Iglesia de San Pedro, presidida por el mayordomo de la cofrad\\u00eda, que lleva el V\\u00edtor (cruz en la que aparece representado San Telmo), del cual cuelgan dos cintas rojas, portadas por los diputados, adem\\u00e1s es acompa\\u00f1ada por la corporaci\\u00f3n municipal. Los participantes bailan con palos, porras y escobas, cantan todo tipo de canciones populares, core\\u00e1ndose la danza con gritos de: \\u00a1Viva San Telmo, viva San Telmo... ! \\u00a1Esto no es Ole, esto no es Ole...! \\u00a1Esto no es Ole y el Ole no se quita porque lo ha puesto la \\\"T\\u00eda Majita\\\". Cada cierto tiempo, cesa el baile y los danzantes se sientan en el suelo haciendo un corro, suenan entonces antiguas canciones a la vez que se golpea en el suelo con los palos y las porras. Tras estos cantos, se reanuda el baile con rapidez.\\u00a0La procesi\\u00f3n transcurre por las calles del pueblo hasta la casa donde dice la tradici\\u00f3n que naci\\u00f3 San Telmo. All\\u00ed se lee un serm\\u00f3n sat\\u00edrico burlesco, escrito en su mayor parte en copla o cuarteta asonantada, que hace una cr\\u00edtica de personajes y hechos acontecidos en el a\\u00f1o.\\u00a0Despu\\u00e9s del serm\\u00f3n se repite el baile y se vuelve hasta la iglesia de San Pedro, donde comenz\\u00f3, una vez all\\u00ed la procesi\\u00f3n termina tras 5 o 6 horas con un estruendoso viva a San Telmo.<\\\/p>\\n\n\n<p><span>\\\"El lunes de San Telmo\\\", d\\u00eda del patrono, se celebra la procesi\\u00f3n religiosa en honor al santo, comenzando a las doce de la ma\\u00f1ana, desde la parroquia de San Pedro, sacando la imagen del patrono acompa\\u00f1ada por el Mayordomo, el Abad de la cofradia, el cual porta la Santa Reliquia bajo palio, alegrando la procesi\\u00f3n los danzantes acompa\\u00f1ados de los chiborras, dulzainero y caja, con sus pasacalles y lazos, por \\u00faltimo las autoridades y\\u00a0 la banda de m\\u00fasica cerrando la marcha.\\u00a0Tras la procesi\\u00f3n se oficia la Santa Misa, oficiada por un predicador dominico, por ser esta la orden a la que perteneci\\u00f3 Pedro Gonz\\u00e1lez Telmo, que as\\u00ed se llamaba el santo.<\\\/span><\\\/p>\"}}]}]},{\"type\":\"row\",\"children\":[{\"type\":\"column\",\"props\":{\"image_position\":\"center-center\",\"media_overlay_gradient\":\"\",\"position_sticky_breakpoint\":\"m\"},\"children\":[{\"type\":\"divider\",\"props\":{\"divider_element\":\"hr\"}}]}]},{\"type\":\"row\",\"props\":{\"layout\":\"2-3,1-3\"},\"children\":[{\"type\":\"column\",\"props\":{\"image_position\":\"center-center\",\"media_overlay_gradient\":\"\",\"width_medium\":\"2-3\",\"vertical_align\":\"bottom\",\"position_sticky_breakpoint\":\"m\"},\"children\":[{\"type\":\"headline\",\"props\":{\"title_element\":\"h1\",\"content\":\"\n\n<h3><span><strong>SAN TELMILLO<\\\/strong><\\\/span><\\\/h3>\"}},{\"type\":\"text\",\"props\":{\"margin\":\"default\",\"column_breakpoint\":\"m\",\"content\":\"\n\n<p><span>Tambi\\u00e9n es peculiar la celebraci\\u00f3n de San Telmillo,\\u00a0<\\\/span><strong>el domingo siguiente a San Telmo<\\\/strong><span>, aunque es una fiesta menor.<\\\/span><\\\/p>\"}}]},{\"type\":\"column\",\"props\":{\"image_position\":\"center-center\",\"media_overlay_gradient\":\"\",\"width_medium\":\"1-3\",\"position_sticky_breakpoint\":\"m\"},\"children\":[{\"type\":\"slideshow\",\"props\":{\"show_title\":false,\"show_meta\":true,\"show_content\":true,\"show_link\":true,\"show_thumbnail\":true,\"slideshow_min_height\":300,\"slideshow_autoplay_pause\":true,\"nav\":\"dotnav\",\"nav_position\":\"center-right\",\"nav_position_margin\":\"medium\",\"nav_align\":\"center\",\"nav_breakpoint\":\"s\",\"thumbnav_width\":\"100\",\"thumbnav_height\":\"75\",\"thumbnav_svg_color\":\"emphasis\",\"slidenav\":\"default\",\"slidenav_margin\":\"medium\",\"slidenav_breakpoint\":\"s\",\"slidenav_outside_breakpoint\":\"xl\",\"overlay_position\":\"center-left\",\"overlay_animation\":\"parallax\",\"title_element\":\"h3\",\"meta_style\":\"text-meta\",\"meta_align\":\"below-title\",\"meta_element\":\"div\",\"link_text\":\"Read more\",\"link_style\":\"default\",\"margin\":\"default\",\"slideshow_animation\":\"fade\",\"slideshow_autoplay\":true,\"nav_vertical\":true,\"slideshow_kenburns\":\"alternate\"},\"children\":[{\"type\":\"slideshow_item\",\"props\":{\"title\":\"san_pedro\"}}]}]}]},{\"type\":\"row\",\"children\":[{\"type\":\"column\",\"props\":{\"image_position\":\"center-center\",\"media_overlay_gradient\":\"\",\"position_sticky_breakpoint\":\"m\"},\"children\":[{\"type\":\"divider\",\"props\":{\"divider_element\":\"hr\"}}]}]},{\"type\":\"row\",\"props\":{\"layout\":\"1-3,2-3\"},\"children\":[{\"type\":\"column\",\"props\":{\"image_position\":\"center-center\",\"media_overlay_gradient\":\"\",\"width_medium\":\"1-3\",\"vertical_align\":\"middle\",\"position_sticky_breakpoint\":\"m\"},\"children\":[{\"type\":\"slideshow\",\"props\":{\"show_title\":false,\"show_meta\":true,\"show_content\":true,\"show_link\":true,\"show_thumbnail\":true,\"slideshow_min_height\":300,\"slideshow_autoplay_pause\":true,\"nav\":\"dotnav\",\"nav_position\":\"center-right\",\"nav_position_margin\":\"medium\",\"nav_align\":\"center\",\"nav_breakpoint\":\"s\",\"thumbnav_width\":\"100\",\"thumbnav_height\":\"75\",\"thumbnav_svg_color\":\"emphasis\",\"slidenav\":\"default\",\"slidenav_margin\":\"medium\",\"slidenav_breakpoint\":\"s\",\"slidenav_outside_breakpoint\":\"xl\",\"overlay_position\":\"center-left\",\"overlay_animation\":\"parallax\",\"title_element\":\"h3\",\"meta_style\":\"text-meta\",\"meta_align\":\"below-title\",\"meta_element\":\"div\",\"link_text\":\"Read more\",\"link_style\":\"default\",\"margin\":\"default\",\"slideshow_animation\":\"fade\",\"slideshow_autoplay\":true,\"nav_vertical\":true,\"slideshow_kenburns\":\"alternate\"},\"children\":[{\"type\":\"slideshow_item\",\"props\":{\"title\":\"Virgen del Otero\",\"image\":\"wp-content\\\/uploads\\\/2022\\\/06\\\/D583ED44-E6F4-C59C-D0DD515CB46124C7.jpg\"}},{\"type\":\"slideshow_item\",\"props\":{\"title\":\"FRoMISTA-PATRONA-VIRGEN-DEL-OTERO\",\"image\":\"wp-content\\\/uploads\\\/2022\\\/06\\\/FRoMISTA-PATRONA-VIRGEN-DEL-OTERO.jpg\"}},{\"type\":\"slideshow_item\",\"props\":{\"title\":\"Virgen del Otero\",\"image\":\"wp-content\\\/uploads\\\/2022\\\/06\\\/6AEA1403-BC39-B48F-A3203F1181A82493.jpg\"}}]}]},{\"type\":\"column\",\"props\":{\"image_position\":\"center-center\",\"media_overlay_gradient\":\"\",\"width_medium\":\"2-3\",\"position_sticky_breakpoint\":\"m\"},\"children\":[{\"type\":\"headline\",\"props\":{\"title_element\":\"h1\",\"content\":\"\n\n<h3><strong><span>LA VIRGEN DEL OTERO<\\\/span><\\\/strong><\\\/h3>\"}},{\"type\":\"text\",\"props\":{\"margin\":\"default\",\"column_breakpoint\":\"m\",\"content\":\"\n\n<p><span>Patrona de Fr\\u00f3mista. Se celebra el\\u00a0<\\\/span><strong>8 de septiembre<\\\/strong><span>, nueve d\\u00edas antes se baja a la virgen hasta la iglesia de San\\u00a0 Pedro, donde se lleva a cabo la novena, el d\\u00eda de su festividad se realiza una misa en su honor, por la tarde se la traslada en procesi\\u00f3n hasta la ermita, el recorrido es amenizado por los danzantes de la villa y los dulzaineros, la fiesta continua hasta el d\\u00eda siguiente con las tradicionales Merendillas acompa\\u00f1adas de la charanga.\\u00a0<\\\/span><\\\/p>\"}}]}]},{\"type\":\"row\",\"children\":[{\"type\":\"column\",\"props\":{\"image_position\":\"center-center\",\"media_overlay_gradient\":\"\",\"position_sticky_breakpoint\":\"m\"},\"children\":[{\"type\":\"divider\",\"props\":{\"divider_element\":\"hr\"}}]}]},{\"type\":\"row\",\"props\":{\"layout\":\"2-3,1-3\"},\"children\":[{\"type\":\"column\",\"props\":{\"image_position\":\"center-center\",\"media_overlay_gradient\":\"\",\"width_medium\":\"2-3\",\"vertical_align\":\"bottom\",\"position_sticky_breakpoint\":\"m\"},\"children\":[{\"type\":\"headline\",\"props\":{\"title_element\":\"h1\",\"content\":\"\n\n<h3><span><strong>OTRAS FIESTAS LOCALES<\\\/strong><\\\/span><\\\/h3>\"}},{\"type\":\"text\",\"props\":{\"margin\":\"default\",\"column_breakpoint\":\"m\",\"content\":\"\n\n<h5><span><strong>SANTA \\u00c1GUEDA<\\\/strong><\\\/span><\\\/h5>\\n\n\n<p>Se celebra el<span>\\u00a0<\\\/span><strong>5 de Febrero<\\\/strong>, cumpliendo el Voto de Villa (promesa adquirida por el ayuntamiento por librarse el pueblo de una peste).\\u00a0La celebraci\\u00f3n se limita al ayuntamiento, corporaci\\u00f3n y personal, adem\\u00e1s de las autoridades invitadas a una Misa y posterior comida fraternal. En la actualidad la Asociaci\\u00f3n de Mujeres \\\"La Aljama\\\" tambien organiza una comida para conmerorar este d\\u00eda y honrar a la Santa.<\\\/p>\\n\n\n<h5 class=\\\"negrita\\\"><strong><span>SAN ISIDRO LABRADOR<\\\/span><\\\/strong><\\\/h5>\\n\n\n<p>Se celebra el<span>\\u00a0<\\\/span><strong>15 de Mayo<\\\/strong>. Es una festividad organizada por la C\\u00e1mara agraria. En la antig\\u00fcedad se organizaba un concurso de carrozas, se celebraba la eucaristia al aire libre, as\\u00ed como un refresco y una comida de hermandad con los agricultores de la localidad. Actualmente s\\u00f3lo se realiza la eucaristia en la\\u00a0 parroquia de San Pedro y la comida de hermandad.<\\\/p>\\n\n\n<h5 class=\\\"negrita\\\"><span><strong>SANTIAGO AP\\u00d3STOL<\\\/strong><\\\/span><\\\/h5>\\n\n\n<p>La exposici\\u00f3n con m\\u00e1s notoriedad de nuestro municipio es la Feria del Queso y productos Agroalimentarios que se celebra en la villa el domingo m\\u00e1s cercano al 25 de Julio, festividad de Santiago. Tiene su arraigo en el mercado de animales que se celebraba en torno a esa festividad y que ha ido derivando hasta la actual Feria del Queso. A esta acuden fabricantes de toda Espa\\u00f1a para exponer sus productos y es una de las fechas m\\u00e1s relevantes en el calendario ferial de la provincia de Palencia.<\\\/p>\\n\n\n<h5><span><strong>JORNADAS ASTRON\\u00d3MICAS<\\\/strong><\\\/span><\\\/h5>\\n\n\n<p>En el programa de celebraciones anulaes tambi\\u00e9n aparece las jornadas astron\\u00f3micas, las cuales se celebran el fin de semana antes de la Feria del Queso durante el mes de julio.<\\\/p>\\n\n\n<h5><span><strong>SAN MART\\u00cdN<\\\/strong><\\\/span><\\\/h5>\\n\n\n<p>Se celebra el 11 de noviembre, este d\\u00eda se conmemora con una misa en la iglesia de San\\u00a0 Mart\\u00edn en\\u00a0 honor al santo.<\\\/p>\\n\n\n<h5 class=\\\"negrita\\\"><span><strong>LOS\\u00a0 QUINTOS<\\\/strong><\\\/span><\\\/h5>\\n\n\n<p>La organizan los chicos y chicas que ese a\\u00f1o cumplen la mayor\\u00eda de edad, antiguamente lo celebraban los mozos que entraban en quintas y se iban a cumplir el servicio militar, se celebra en el mes de marzo o abril coincidiendo con el fin de semana, la fiesta comienza el viernes, los quintos han de ir a buscar a las chicas a sus casas, acompa\\u00f1ados de la charanga, por las noches se organizan\\u00a0 bailes\\u00a0 para todos los vecinos del\\u00a0 pueblo.<\\\/p>\"}}]},{\"type\":\"column\",\"props\":{\"image_position\":\"center-center\",\"media_overlay_gradient\":\"\",\"width_medium\":\"1-3\",\"position_sticky_breakpoint\":\"m\"},\"children\":[{\"type\":\"slideshow\",\"props\":{\"show_title\":false,\"show_meta\":true,\"show_content\":true,\"show_link\":true,\"show_thumbnail\":true,\"slideshow_min_height\":300,\"slideshow_autoplay_pause\":true,\"nav\":\"dotnav\",\"nav_position\":\"center-right\",\"nav_position_margin\":\"medium\",\"nav_align\":\"center\",\"nav_breakpoint\":\"s\",\"thumbnav_width\":\"100\",\"thumbnav_height\":\"75\",\"thumbnav_svg_color\":\"emphasis\",\"slidenav\":\"default\",\"slidenav_margin\":\"medium\",\"slidenav_breakpoint\":\"s\",\"slidenav_outside_breakpoint\":\"xl\",\"overlay_position\":\"center-left\",\"overlay_animation\":\"parallax\",\"title_element\":\"h3\",\"meta_style\":\"text-meta\",\"meta_align\":\"below-title\",\"meta_element\":\"div\",\"link_text\":\"Read more\",\"link_style\":\"default\",\"margin\":\"default\",\"slideshow_animation\":\"fade\",\"slideshow_autoplay\":true,\"nav_vertical\":true,\"slideshow_kenburns\":\"alternate\"},\"children\":[{\"type\":\"slideshow_item\",\"props\":{\"title\":\"san_pedro\"}}]}]}]}]}],\"version\":\"3.0.9\"} --><\/p>\n","protected":false},"excerpt":{"rendered":"<p>Fiestas y tradiciones San Telmo San Telmo San Telmo San Telmo San Telmo San Telmo San Telmo San Telmo San Telmo SAN TELMO Es una fiesta de fecha m\u00f3vil, ya que coincide en ocasiones con la Semana Santa. Se celebra\u00a0el lunes siguiente al de Pascua,\u00a0de\u00a0gran tradici\u00f3n popular, el acto central es la procesi\u00f3n de &#8220;el [&hellip;]<\/p>\n","protected":false},"author":1,"featured_media":0,"parent":0,"menu_order":0,"comment_status":"closed","ping_status":"closed","template":"","meta":{"om_disable_all_campaigns":false,"_monsterinsights_skip_tracking":false,"_monsterinsights_sitenote_active":false,"_monsterinsights_sitenote_note":"","_monsterinsights_sitenote_category":0},"folder":[],"aioseo_notices":[],"_links":{"self":[{"href":"https:\/\/fromistaturismo.com\/index.php\/wp-json\/wp\/v2\/pages\/235"}],"collection":[{"href":"https:\/\/fromistaturismo.com\/index.php\/wp-json\/wp\/v2\/pages"}],"about":[{"href":"https:\/\/fromistaturismo.com\/index.php\/wp-json\/wp\/v2\/types\/page"}],"author":[{"embeddable":true,"href":"https:\/\/fromistaturismo.com\/index.php\/wp-json\/wp\/v2\/users\/1"}],"replies":[{"embeddable":true,"href":"https:\/\/fromistaturismo.com\/index.php\/wp-json\/wp\/v2\/comments?post=235"}],"version-history":[{"count":21,"href":"https:\/\/fromistaturismo.com\/index.php\/wp-json\/wp\/v2\/pages\/235\/revisions"}],"predecessor-version":[{"id":882,"href":"https:\/\/fromistaturismo.com\/index.php\/wp-json\/wp\/v2\/pages\/235\/revisions\/882"}],"wp:attachment":[{"href":"https:\/\/fromistaturismo.com\/index.php\/wp-json\/wp\/v2\/media?parent=235"}],"wp:term":[{"taxonomy":"folder","embeddable":true,"href":"https:\/\/fromistaturismo.com\/index.php\/wp-json\/wp\/v2\/folder?post=235"}],"curies":[{"name":"wp","href":"https:\/\/api.w.org\/{rel}","templated":true}]}}